{"id":184,"date":"2024-09-02T13:39:10","date_gmt":"2024-09-02T11:39:10","guid":{"rendered":"https:\/\/victoria-sylvester.com\/?page_id=184"},"modified":"2024-09-30T13:55:33","modified_gmt":"2024-09-30T11:55:33","slug":"editorials","status":"publish","type":"page","link":"https:\/\/victoria-sylvester.com\/index.php\/editorials\/","title":{"rendered":"Editorials"},"content":{"rendered":"<section class=\"bde-section-184-113 bde-section\">\n  \n\t\n\n\n\n<div class=\"section-container\"><h1 class=\"bde-heading-184-114 bde-heading\">\neditorials\n<\/h1><\/div>\n<\/section><section class=\"bde-section-184-102 bde-section\">\n  \n\t\n\n\n\n<div class=\"section-container\"><div class=\"bde-gallery-184-112 bde-gallery\">\n\n\n\n\n\n\n  \n\n\n\n\n\n\n<div class=\"ee-gallery ee-gallery--isotope ee-gallery--masonry ee-gallery--single ee-gallery--lightbox ee-gallery-- ee-gallery--caption-stretch ee-gallery--caption-fade ee-gallery--ratio\">\n                  \n      <a class=\"ee-gallery-item ee-gallery-item--image ee-gallery-item--single\" href=\"http:\/\/victoria-sylvester.com\/wp-content\/uploads\/2024\/09\/SHOOT-GIRLS-2023-AURORE-FOUCHEZ-copie-2-scaled.jpg\"  data-sub-html=\"Muse by aurore fouchez\" data-category=\"1\"                  data-lg-size=\"1708-2560\"\n\n      >\n        <figure class=\"ee-gallery-item-figure\">\n                        <img loading=\"lazy\" decoding=\"async\" class=\"breakdance-image-object\" src=\"http:\/\/victoria-sylvester.com\/wp-content\/uploads\/2024\/09\/SHOOT-GIRLS-2023-AURORE-FOUCHEZ-copie-2-683x1024.jpg\" width=\"683\" height=\"1024\" srcset=\"https:\/\/victoria-sylvester.com\/wp-content\/uploads\/2024\/09\/SHOOT-GIRLS-2023-AURORE-FOUCHEZ-copie-2-scaled.jpg 1708w, https:\/\/victoria-sylvester.com\/wp-content\/uploads\/2024\/09\/SHOOT-GIRLS-2023-AURORE-FOUCHEZ-copie-2-200x300.jpg 200w, https:\/\/victoria-sylvester.com\/wp-content\/uploads\/2024\/09\/SHOOT-GIRLS-2023-AURORE-FOUCHEZ-copie-2-683x1024.jpg 683w, https:\/\/victoria-sylvester.com\/wp-content\/uploads\/2024\/09\/SHOOT-GIRLS-2023-AURORE-FOUCHEZ-copie-2-768x1151.jpg 768w, https:\/\/victoria-sylvester.com\/wp-content\/uploads\/2024\/09\/SHOOT-GIRLS-2023-AURORE-FOUCHEZ-copie-2-1025x1536.jpg 1025w, https:\/\/victoria-sylvester.com\/wp-content\/uploads\/2024\/09\/SHOOT-GIRLS-2023-AURORE-FOUCHEZ-copie-2-1366x2048.jpg 1366w\" sizes=\"(max-width: 1708px) 100vw, 1708px\">\n          \n                      <figcaption class=\"ee-gallery-item-caption\">\n              Muse by aurore fouchez\n            <\/figcaption>\n                  <\/figure>\n      <\/a>\n\n                \n      <a class=\"ee-gallery-item ee-gallery-item--image ee-gallery-item--single\" href=\"http:\/\/victoria-sylvester.com\/wp-content\/uploads\/2024\/09\/Gupta_V_Marissa_Victoria_002.jpg\"  data-sub-html=\"kodd magazine by vedant\" data-category=\"1\"                  data-lg-size=\"1200-1501\"\n\n      >\n        <figure class=\"ee-gallery-item-figure\">\n                        <img loading=\"lazy\" decoding=\"async\" class=\"breakdance-image-object\" src=\"http:\/\/victoria-sylvester.com\/wp-content\/uploads\/2024\/09\/Gupta_V_Marissa_Victoria_002-819x1024.jpg\" width=\"819\" height=\"1024\" srcset=\"https:\/\/victoria-sylvester.com\/wp-content\/uploads\/2024\/09\/Gupta_V_Marissa_Victoria_002.jpg 1200w, https:\/\/victoria-sylvester.com\/wp-content\/uploads\/2024\/09\/Gupta_V_Marissa_Victoria_002-240x300.jpg 240w, https:\/\/victoria-sylvester.com\/wp-content\/uploads\/2024\/09\/Gupta_V_Marissa_Victoria_002-819x1024.jpg 819w, https:\/\/victoria-sylvester.com\/wp-content\/uploads\/2024\/09\/Gupta_V_Marissa_Victoria_002-768x961.jpg 768w\" sizes=\"(max-width: 1200px) 100vw, 1200px\">\n          \n                      <figcaption class=\"ee-gallery-item-caption\">\n              kodd magazine by vedant\n            <\/figcaption>\n                  <\/figure>\n      <\/a>\n\n                \n      <a class=\"ee-gallery-item ee-gallery-item--image ee-gallery-item--single\" href=\"http:\/\/victoria-sylvester.com\/wp-content\/uploads\/2024\/09\/Capture-da\u0080\u0099A\u00a9cran-2021-02-10-A-07.49.13.png\"  data-sub-html=\"vogue italia by brenda nasr\" data-category=\"1\"                  data-lg-size=\"432-639\"\n\n      >\n        <figure class=\"ee-gallery-item-figure\">\n                        <img loading=\"lazy\" decoding=\"async\" class=\"breakdance-image-object\" src=\"http:\/\/victoria-sylvester.com\/wp-content\/uploads\/2024\/09\/Capture-da\u0080\u0099A\u00a9cran-2021-02-10-A-07.49.13.png\" width=\"432\" height=\"639\" srcset=\"https:\/\/victoria-sylvester.com\/wp-content\/uploads\/2024\/09\/Capture-da\u0080\u0099A\u00a9cran-2021-02-10-A-07.49.13.png 432w, https:\/\/victoria-sylvester.com\/wp-content\/uploads\/2024\/09\/Capture-da\u0080\u0099A\u00a9cran-2021-02-10-A-07.49.13-203x300.png 203w\" sizes=\"(max-width: 432px) 100vw, 432px\">\n          \n                      <figcaption class=\"ee-gallery-item-caption\">\n              vogue italia by brenda nasr\n            <\/figcaption>\n                  <\/figure>\n      <\/a>\n\n                \n      <a class=\"ee-gallery-item ee-gallery-item--image ee-gallery-item--single\" href=\"http:\/\/victoria-sylvester.com\/wp-content\/uploads\/2024\/09\/j51Rm5CQ-scaled.jpeg\"  data-sub-html=\"flanelle magazine by cheyenne beverley\" data-category=\"1\"                  data-lg-size=\"1707-2560\"\n\n      >\n        <figure class=\"ee-gallery-item-figure\">\n                        <img loading=\"lazy\" decoding=\"async\" class=\"breakdance-image-object\" src=\"http:\/\/victoria-sylvester.com\/wp-content\/uploads\/2024\/09\/j51Rm5CQ-683x1024.jpeg\" width=\"683\" height=\"1024\" srcset=\"https:\/\/victoria-sylvester.com\/wp-content\/uploads\/2024\/09\/j51Rm5CQ-scaled.jpeg 1707w, https:\/\/victoria-sylvester.com\/wp-content\/uploads\/2024\/09\/j51Rm5CQ-200x300.jpeg 200w, https:\/\/victoria-sylvester.com\/wp-content\/uploads\/2024\/09\/j51Rm5CQ-683x1024.jpeg 683w, https:\/\/victoria-sylvester.com\/wp-content\/uploads\/2024\/09\/j51Rm5CQ-768x1152.jpeg 768w, https:\/\/victoria-sylvester.com\/wp-content\/uploads\/2024\/09\/j51Rm5CQ-1024x1536.jpeg 1024w, https:\/\/victoria-sylvester.com\/wp-content\/uploads\/2024\/09\/j51Rm5CQ-1366x2048.jpeg 1366w\" sizes=\"(max-width: 1707px) 100vw, 1707px\">\n          \n                      <figcaption class=\"ee-gallery-item-caption\">\n              flanelle magazine by cheyenne beverley\n            <\/figcaption>\n                  <\/figure>\n      <\/a>\n\n                \n      <a class=\"ee-gallery-item ee-gallery-item--image ee-gallery-item--single\" href=\"http:\/\/victoria-sylvester.com\/wp-content\/uploads\/2024\/09\/IMG_3820.jpg\"  data-sub-html=\"the venom magazine by yoann guerini\" data-category=\"1\"                  data-lg-size=\"1242-1544\"\n\n      >\n        <figure class=\"ee-gallery-item-figure\">\n                        <img loading=\"lazy\" decoding=\"async\" class=\"breakdance-image-object\" src=\"http:\/\/victoria-sylvester.com\/wp-content\/uploads\/2024\/09\/IMG_3820-824x1024.jpg\" width=\"824\" height=\"1024\" srcset=\"https:\/\/victoria-sylvester.com\/wp-content\/uploads\/2024\/09\/IMG_3820.jpg 1242w, https:\/\/victoria-sylvester.com\/wp-content\/uploads\/2024\/09\/IMG_3820-241x300.jpg 241w, https:\/\/victoria-sylvester.com\/wp-content\/uploads\/2024\/09\/IMG_3820-824x1024.jpg 824w, https:\/\/victoria-sylvester.com\/wp-content\/uploads\/2024\/09\/IMG_3820-768x955.jpg 768w, https:\/\/victoria-sylvester.com\/wp-content\/uploads\/2024\/09\/IMG_3820-1236x1536.jpg 1236w\" sizes=\"(max-width: 1242px) 100vw, 1242px\">\n          \n                      <figcaption class=\"ee-gallery-item-caption\">\n              the venom magazine by yoann guerini\n            <\/figcaption>\n                  <\/figure>\n      <\/a>\n\n                \n      <a class=\"ee-gallery-item ee-gallery-item--image ee-gallery-item--single\" href=\"http:\/\/victoria-sylvester.com\/wp-content\/uploads\/2024\/09\/Gupta_V_Marissa_Victoria_006.jpg\"  data-sub-html=\"kodd magazine by vedant\" data-category=\"1\"                  data-lg-size=\"1200-1501\"\n\n      >\n        <figure class=\"ee-gallery-item-figure\">\n                        <img loading=\"lazy\" decoding=\"async\" class=\"breakdance-image-object\" src=\"http:\/\/victoria-sylvester.com\/wp-content\/uploads\/2024\/09\/Gupta_V_Marissa_Victoria_006-819x1024.jpg\" width=\"819\" height=\"1024\" srcset=\"https:\/\/victoria-sylvester.com\/wp-content\/uploads\/2024\/09\/Gupta_V_Marissa_Victoria_006.jpg 1200w, https:\/\/victoria-sylvester.com\/wp-content\/uploads\/2024\/09\/Gupta_V_Marissa_Victoria_006-240x300.jpg 240w, https:\/\/victoria-sylvester.com\/wp-content\/uploads\/2024\/09\/Gupta_V_Marissa_Victoria_006-819x1024.jpg 819w, https:\/\/victoria-sylvester.com\/wp-content\/uploads\/2024\/09\/Gupta_V_Marissa_Victoria_006-768x961.jpg 768w\" sizes=\"(max-width: 1200px) 100vw, 1200px\">\n          \n                      <figcaption class=\"ee-gallery-item-caption\">\n              kodd magazine by vedant\n            <\/figcaption>\n                  <\/figure>\n      <\/a>\n\n                \n      <a class=\"ee-gallery-item ee-gallery-item--image ee-gallery-item--single\" href=\"http:\/\/victoria-sylvester.com\/wp-content\/uploads\/2024\/09\/IMG_6001.jpg\"  data-sub-html=\"vulkan magazine by kat mcqueen\" data-category=\"1\"                  data-lg-size=\"1242-1544\"\n\n      >\n        <figure class=\"ee-gallery-item-figure\">\n                        <img loading=\"lazy\" decoding=\"async\" class=\"breakdance-image-object\" src=\"http:\/\/victoria-sylvester.com\/wp-content\/uploads\/2024\/09\/IMG_6001-824x1024.jpg\" width=\"824\" height=\"1024\" srcset=\"https:\/\/victoria-sylvester.com\/wp-content\/uploads\/2024\/09\/IMG_6001.jpg 1242w, https:\/\/victoria-sylvester.com\/wp-content\/uploads\/2024\/09\/IMG_6001-241x300.jpg 241w, https:\/\/victoria-sylvester.com\/wp-content\/uploads\/2024\/09\/IMG_6001-824x1024.jpg 824w, https:\/\/victoria-sylvester.com\/wp-content\/uploads\/2024\/09\/IMG_6001-768x955.jpg 768w, https:\/\/victoria-sylvester.com\/wp-content\/uploads\/2024\/09\/IMG_6001-1236x1536.jpg 1236w\" sizes=\"(max-width: 1242px) 100vw, 1242px\">\n          \n                      <figcaption class=\"ee-gallery-item-caption\">\n              vulkan magazine by kat mcqueen\n            <\/figcaption>\n                  <\/figure>\n      <\/a>\n\n                \n      <a class=\"ee-gallery-item ee-gallery-item--image ee-gallery-item--single\" href=\"http:\/\/victoria-sylvester.com\/wp-content\/uploads\/2024\/09\/IMG_4627.jpg\"  data-sub-html=\"picton magazine by jadoulapacha\" data-category=\"1\"                  data-lg-size=\"1241-1536\"\n\n      >\n        <figure class=\"ee-gallery-item-figure\">\n                        <img loading=\"lazy\" decoding=\"async\" class=\"breakdance-image-object\" src=\"http:\/\/victoria-sylvester.com\/wp-content\/uploads\/2024\/09\/IMG_4627-827x1024.jpg\" width=\"827\" height=\"1024\" srcset=\"https:\/\/victoria-sylvester.com\/wp-content\/uploads\/2024\/09\/IMG_4627.jpg 1241w, https:\/\/victoria-sylvester.com\/wp-content\/uploads\/2024\/09\/IMG_4627-242x300.jpg 242w, https:\/\/victoria-sylvester.com\/wp-content\/uploads\/2024\/09\/IMG_4627-827x1024.jpg 827w, https:\/\/victoria-sylvester.com\/wp-content\/uploads\/2024\/09\/IMG_4627-768x951.jpg 768w\" sizes=\"(max-width: 1241px) 100vw, 1241px\">\n          \n                      <figcaption class=\"ee-gallery-item-caption\">\n              picton magazine by jadoulapacha\n            <\/figcaption>\n                  <\/figure>\n      <\/a>\n\n                \n      <a class=\"ee-gallery-item ee-gallery-item--image ee-gallery-item--single\" href=\"http:\/\/victoria-sylvester.com\/wp-content\/uploads\/2024\/09\/IMG_5989.jpg\"  data-sub-html=\"vulkan magazine by kat mcqueen\" data-category=\"1\"                  data-lg-size=\"1242-1548\"\n\n      >\n        <figure class=\"ee-gallery-item-figure\">\n                        <img loading=\"lazy\" decoding=\"async\" class=\"breakdance-image-object\" src=\"http:\/\/victoria-sylvester.com\/wp-content\/uploads\/2024\/09\/IMG_5989-822x1024.jpg\" width=\"822\" height=\"1024\" srcset=\"https:\/\/victoria-sylvester.com\/wp-content\/uploads\/2024\/09\/IMG_5989.jpg 1242w, https:\/\/victoria-sylvester.com\/wp-content\/uploads\/2024\/09\/IMG_5989-241x300.jpg 241w, https:\/\/victoria-sylvester.com\/wp-content\/uploads\/2024\/09\/IMG_5989-822x1024.jpg 822w, https:\/\/victoria-sylvester.com\/wp-content\/uploads\/2024\/09\/IMG_5989-768x957.jpg 768w, https:\/\/victoria-sylvester.com\/wp-content\/uploads\/2024\/09\/IMG_5989-1232x1536.jpg 1232w\" sizes=\"(max-width: 1242px) 100vw, 1242px\">\n          \n                      <figcaption class=\"ee-gallery-item-caption\">\n              vulkan magazine by kat mcqueen\n            <\/figcaption>\n                  <\/figure>\n      <\/a>\n\n                \n      <a class=\"ee-gallery-item ee-gallery-item--image ee-gallery-item--single\" href=\"http:\/\/victoria-sylvester.com\/wp-content\/uploads\/2024\/09\/31A6334-scaled.jpg\"  data-sub-html=\"supersize by yoann guerini\" data-category=\"1\"                  data-lg-size=\"2048-2560\"\n\n      >\n        <figure class=\"ee-gallery-item-figure\">\n                        <img loading=\"lazy\" decoding=\"async\" class=\"breakdance-image-object\" src=\"http:\/\/victoria-sylvester.com\/wp-content\/uploads\/2024\/09\/31A6334-819x1024.jpg\" width=\"819\" height=\"1024\" srcset=\"https:\/\/victoria-sylvester.com\/wp-content\/uploads\/2024\/09\/31A6334-scaled.jpg 2048w, https:\/\/victoria-sylvester.com\/wp-content\/uploads\/2024\/09\/31A6334-240x300.jpg 240w, https:\/\/victoria-sylvester.com\/wp-content\/uploads\/2024\/09\/31A6334-819x1024.jpg 819w, https:\/\/victoria-sylvester.com\/wp-content\/uploads\/2024\/09\/31A6334-768x960.jpg 768w, https:\/\/victoria-sylvester.com\/wp-content\/uploads\/2024\/09\/31A6334-1229x1536.jpg 1229w, https:\/\/victoria-sylvester.com\/wp-content\/uploads\/2024\/09\/31A6334-1638x2048.jpg 1638w\" sizes=\"(max-width: 2048px) 100vw, 2048px\">\n          \n                      <figcaption class=\"ee-gallery-item-caption\">\n              supersize by yoann guerini\n            <\/figcaption>\n                  <\/figure>\n      <\/a>\n\n                \n      <a class=\"ee-gallery-item ee-gallery-item--image ee-gallery-item--single\" href=\"http:\/\/victoria-sylvester.com\/wp-content\/uploads\/2024\/09\/67751573_2462487123974572_4552395407950348288_n.jpg\"  data-sub-html=\"elle ivory coast by brenda nasr\" data-category=\"1\"                  data-lg-size=\"828-315\"\n\n      >\n        <figure class=\"ee-gallery-item-figure\">\n                        <img loading=\"lazy\" decoding=\"async\" class=\"breakdance-image-object\" src=\"http:\/\/victoria-sylvester.com\/wp-content\/uploads\/2024\/09\/67751573_2462487123974572_4552395407950348288_n.jpg\" width=\"828\" height=\"315\" srcset=\"https:\/\/victoria-sylvester.com\/wp-content\/uploads\/2024\/09\/67751573_2462487123974572_4552395407950348288_n.jpg 828w, https:\/\/victoria-sylvester.com\/wp-content\/uploads\/2024\/09\/67751573_2462487123974572_4552395407950348288_n-300x114.jpg 300w, https:\/\/victoria-sylvester.com\/wp-content\/uploads\/2024\/09\/67751573_2462487123974572_4552395407950348288_n-768x292.jpg 768w\" sizes=\"(max-width: 828px) 100vw, 828px\">\n          \n                      <figcaption class=\"ee-gallery-item-caption\">\n              elle ivory coast by brenda nasr\n            <\/figcaption>\n                  <\/figure>\n      <\/a>\n\n                \n      <a class=\"ee-gallery-item ee-gallery-item--image ee-gallery-item--single\" href=\"http:\/\/victoria-sylvester.com\/wp-content\/uploads\/2024\/09\/31A6384-scaled.jpg\"  data-sub-html=\"supersize by yoann guerini\" data-category=\"1\"                  data-lg-size=\"2048-2560\"\n\n      >\n        <figure class=\"ee-gallery-item-figure\">\n                        <img loading=\"lazy\" decoding=\"async\" class=\"breakdance-image-object\" src=\"http:\/\/victoria-sylvester.com\/wp-content\/uploads\/2024\/09\/31A6384-819x1024.jpg\" width=\"819\" height=\"1024\" srcset=\"https:\/\/victoria-sylvester.com\/wp-content\/uploads\/2024\/09\/31A6384-scaled.jpg 2048w, https:\/\/victoria-sylvester.com\/wp-content\/uploads\/2024\/09\/31A6384-240x300.jpg 240w, https:\/\/victoria-sylvester.com\/wp-content\/uploads\/2024\/09\/31A6384-819x1024.jpg 819w, https:\/\/victoria-sylvester.com\/wp-content\/uploads\/2024\/09\/31A6384-768x960.jpg 768w, https:\/\/victoria-sylvester.com\/wp-content\/uploads\/2024\/09\/31A6384-1229x1536.jpg 1229w, https:\/\/victoria-sylvester.com\/wp-content\/uploads\/2024\/09\/31A6384-1638x2048.jpg 1638w\" sizes=\"(max-width: 2048px) 100vw, 2048px\">\n          \n                      <figcaption class=\"ee-gallery-item-caption\">\n              supersize by yoann guerini\n            <\/figcaption>\n                  <\/figure>\n      <\/a>\n\n                \n      <a class=\"ee-gallery-item ee-gallery-item--image ee-gallery-item--single\" href=\"http:\/\/victoria-sylvester.com\/wp-content\/uploads\/2024\/09\/IMG_5662.jpg\"  data-sub-html=\"MUSE BY AURORE FOUCHEZ\" data-category=\"1\"                  data-lg-size=\"1284-1594\"\n\n      >\n        <figure class=\"ee-gallery-item-figure\">\n                        <img loading=\"lazy\" decoding=\"async\" class=\"breakdance-image-object\" src=\"http:\/\/victoria-sylvester.com\/wp-content\/uploads\/2024\/09\/IMG_5662-825x1024.jpg\" width=\"825\" height=\"1024\" srcset=\"https:\/\/victoria-sylvester.com\/wp-content\/uploads\/2024\/09\/IMG_5662.jpg 1284w, https:\/\/victoria-sylvester.com\/wp-content\/uploads\/2024\/09\/IMG_5662-242x300.jpg 242w, https:\/\/victoria-sylvester.com\/wp-content\/uploads\/2024\/09\/IMG_5662-825x1024.jpg 825w, https:\/\/victoria-sylvester.com\/wp-content\/uploads\/2024\/09\/IMG_5662-768x953.jpg 768w, https:\/\/victoria-sylvester.com\/wp-content\/uploads\/2024\/09\/IMG_5662-1237x1536.jpg 1237w\" sizes=\"(max-width: 1284px) 100vw, 1284px\">\n          \n                      <figcaption class=\"ee-gallery-item-caption\">\n              MUSE BY AURORE FOUCHEZ\n            <\/figcaption>\n                  <\/figure>\n      <\/a>\n\n        \n      <div class=\"ee-gallery-gutter\"><\/div>\n  <\/div>\n\n\n\n<\/div><\/div>\n<\/section>","protected":false},"excerpt":{"rendered":"<p>editorials Muse by aurore fouchez kodd magazine by vedant vogue italia by brenda nasr flanelle magazine by cheyenne beverley the venom magazine by yoann guerini kodd magazine by vedant vulkan magazine by kat mcqueen picton magazine by jadoulapacha vulkan magazine by kat mcqueen supersize by yoann guerini elle ivory coast by brenda nasr supersize by [&hellip;]<\/p>\n","protected":false},"author":1,"featured_media":0,"parent":0,"menu_order":0,"comment_status":"closed","ping_status":"closed","template":"","meta":{"footnotes":"","_breakdance_hide_in_design_set":false,"_breakdance_tags":""},"yoast_head":"<!-- This site is optimized with the Yoast SEO plugin v23.5 - https:\/\/yoast.com\/wordpress\/plugins\/seo\/ -->\n<title>Editorials stylist- VS IMAGE CONSULTING<\/title>\n<meta name=\"description\" content=\"Victoria Sylvester, stylist for editorials, pour des shootings mode et \u00e9ditoriaux. Donnez vie \u00e0 vos visions dans les magazines et les m\u00e9dias\" \/>\n<meta name=\"robots\" content=\"index, follow, max-snippet:-1, max-image-preview:large, max-video-preview:-1\" \/>\n<link rel=\"canonical\" href=\"https:\/\/victoria-sylvester.com\/index.php\/editorials\/\" \/>\n<meta property=\"og:locale\" content=\"fr_FR\" \/>\n<meta property=\"og:type\" content=\"article\" \/>\n<meta property=\"og:title\" content=\"Editorials stylist- VS IMAGE CONSULTING\" \/>\n<meta property=\"og:description\" content=\"Victoria Sylvester, stylist for editorials, pour des shootings mode et \u00e9ditoriaux. Donnez vie \u00e0 vos visions dans les magazines et les m\u00e9dias\" \/>\n<meta property=\"og:url\" content=\"https:\/\/victoria-sylvester.com\/index.php\/editorials\/\" \/>\n<meta property=\"og:site_name\" content=\"VS IMAGE CONSULTING\" \/>\n<meta property=\"article:modified_time\" content=\"2024-09-30T11:55:33+00:00\" \/>\n<meta name=\"twitter:card\" content=\"summary_large_image\" \/>\n<meta name=\"twitter:label1\" content=\"Dur\u00e9e de lecture estim\u00e9e\" \/>\n\t<meta name=\"twitter:data1\" content=\"3 minutes\" \/>\n<script type=\"application\/ld+json\" class=\"yoast-schema-graph\">{\"@context\":\"https:\/\/schema.org\",\"@graph\":[{\"@type\":\"WebPage\",\"@id\":\"https:\/\/victoria-sylvester.com\/index.php\/editorials\/\",\"url\":\"https:\/\/victoria-sylvester.com\/index.php\/editorials\/\",\"name\":\"Editorials stylist- VS IMAGE CONSULTING\",\"isPartOf\":{\"@id\":\"https:\/\/victoria-sylvester.com\/#website\"},\"datePublished\":\"2024-09-02T11:39:10+00:00\",\"dateModified\":\"2024-09-30T11:55:33+00:00\",\"description\":\"Victoria Sylvester, stylist for editorials, pour des shootings mode et \u00e9ditoriaux. Donnez vie \u00e0 vos visions dans les magazines et les m\u00e9dias\",\"breadcrumb\":{\"@id\":\"https:\/\/victoria-sylvester.com\/index.php\/editorials\/#breadcrumb\"},\"inLanguage\":\"fr-FR\",\"potentialAction\":[{\"@type\":\"ReadAction\",\"target\":[\"https:\/\/victoria-sylvester.com\/index.php\/editorials\/\"]}]},{\"@type\":\"BreadcrumbList\",\"@id\":\"https:\/\/victoria-sylvester.com\/index.php\/editorials\/#breadcrumb\",\"itemListElement\":[{\"@type\":\"ListItem\",\"position\":1,\"name\":\"Accueil\",\"item\":\"https:\/\/victoria-sylvester.com\/\"},{\"@type\":\"ListItem\",\"position\":2,\"name\":\"Editorials\"}]},{\"@type\":\"WebSite\",\"@id\":\"https:\/\/victoria-sylvester.com\/#website\",\"url\":\"https:\/\/victoria-sylvester.com\/\",\"name\":\"VS IMAGE CONSULTING\",\"description\":\"\",\"potentialAction\":[{\"@type\":\"SearchAction\",\"target\":{\"@type\":\"EntryPoint\",\"urlTemplate\":\"https:\/\/victoria-sylvester.com\/?s={search_term_string}\"},\"query-input\":{\"@type\":\"PropertyValueSpecification\",\"valueRequired\":true,\"valueName\":\"search_term_string\"}}],\"inLanguage\":\"fr-FR\"}]}<\/script>\n<!-- \/ Yoast SEO plugin. -->","yoast_head_json":{"title":"Editorials stylist- VS IMAGE CONSULTING","description":"Victoria Sylvester, stylist for editorials, pour des shootings mode et \u00e9ditoriaux. Donnez vie \u00e0 vos visions dans les magazines et les m\u00e9dias","robots":{"index":"index","follow":"follow","max-snippet":"max-snippet:-1","max-image-preview":"max-image-preview:large","max-video-preview":"max-video-preview:-1"},"canonical":"https:\/\/victoria-sylvester.com\/index.php\/editorials\/","og_locale":"fr_FR","og_type":"article","og_title":"Editorials stylist- VS IMAGE CONSULTING","og_description":"Victoria Sylvester, stylist for editorials, pour des shootings mode et \u00e9ditoriaux. Donnez vie \u00e0 vos visions dans les magazines et les m\u00e9dias","og_url":"https:\/\/victoria-sylvester.com\/index.php\/editorials\/","og_site_name":"VS IMAGE CONSULTING","article_modified_time":"2024-09-30T11:55:33+00:00","twitter_card":"summary_large_image","twitter_misc":{"Dur\u00e9e de lecture estim\u00e9e":"3 minutes"},"schema":{"@context":"https:\/\/schema.org","@graph":[{"@type":"WebPage","@id":"https:\/\/victoria-sylvester.com\/index.php\/editorials\/","url":"https:\/\/victoria-sylvester.com\/index.php\/editorials\/","name":"Editorials stylist- VS IMAGE CONSULTING","isPartOf":{"@id":"https:\/\/victoria-sylvester.com\/#website"},"datePublished":"2024-09-02T11:39:10+00:00","dateModified":"2024-09-30T11:55:33+00:00","description":"Victoria Sylvester, stylist for editorials, pour des shootings mode et \u00e9ditoriaux. Donnez vie \u00e0 vos visions dans les magazines et les m\u00e9dias","breadcrumb":{"@id":"https:\/\/victoria-sylvester.com\/index.php\/editorials\/#breadcrumb"},"inLanguage":"fr-FR","potentialAction":[{"@type":"ReadAction","target":["https:\/\/victoria-sylvester.com\/index.php\/editorials\/"]}]},{"@type":"BreadcrumbList","@id":"https:\/\/victoria-sylvester.com\/index.php\/editorials\/#breadcrumb","itemListElement":[{"@type":"ListItem","position":1,"name":"Accueil","item":"https:\/\/victoria-sylvester.com\/"},{"@type":"ListItem","position":2,"name":"Editorials"}]},{"@type":"WebSite","@id":"https:\/\/victoria-sylvester.com\/#website","url":"https:\/\/victoria-sylvester.com\/","name":"VS IMAGE CONSULTING","description":"","potentialAction":[{"@type":"SearchAction","target":{"@type":"EntryPoint","urlTemplate":"https:\/\/victoria-sylvester.com\/?s={search_term_string}"},"query-input":{"@type":"PropertyValueSpecification","valueRequired":true,"valueName":"search_term_string"}}],"inLanguage":"fr-FR"}]}},"_links":{"self":[{"href":"https:\/\/victoria-sylvester.com\/index.php\/wp-json\/wp\/v2\/pages\/184"}],"collection":[{"href":"https:\/\/victoria-sylvester.com\/index.php\/wp-json\/wp\/v2\/pages"}],"about":[{"href":"https:\/\/victoria-sylvester.com\/index.php\/wp-json\/wp\/v2\/types\/page"}],"author":[{"embeddable":true,"href":"https:\/\/victoria-sylvester.com\/index.php\/wp-json\/wp\/v2\/users\/1"}],"replies":[{"embeddable":true,"href":"https:\/\/victoria-sylvester.com\/index.php\/wp-json\/wp\/v2\/comments?post=184"}],"version-history":[{"count":15,"href":"https:\/\/victoria-sylvester.com\/index.php\/wp-json\/wp\/v2\/pages\/184\/revisions"}],"predecessor-version":[{"id":705,"href":"https:\/\/victoria-sylvester.com\/index.php\/wp-json\/wp\/v2\/pages\/184\/revisions\/705"}],"wp:attachment":[{"href":"https:\/\/victoria-sylvester.com\/index.php\/wp-json\/wp\/v2\/media?parent=184"}],"curies":[{"name":"wp","href":"https:\/\/api.w.org\/{rel}","templated":true}]}}