{"id":3,"date":"2023-10-02T13:01:40","date_gmt":"2023-10-02T11:01:40","guid":{"rendered":"http:\/\/victoria-sylvester.com\/?page_id=3"},"modified":"2024-09-20T12:55:24","modified_gmt":"2024-09-20T10:55:24","slug":"mentions-legales","status":"publish","type":"page","link":"https:\/\/victoria-sylvester.com\/index.php\/mentions-legales\/","title":{"rendered":"Mentions l\u00e9gales"},"content":{"rendered":"<section class=\"bde-section-3-100 bde-section\">\n  \n\t\n\n\n\n<div class=\"section-container\"><h1 class=\"bde-heading-3-101 bde-heading\">\nInfos l\u00e9gales\n<\/h1><\/div>\n<\/section><section class=\"bde-section-3-102 bde-section\">\n  \n\t\n\n\n\n<div class=\"section-container\"><div class=\"bde-rich-text-3-105 bde-rich-text breakdance-rich-text-styles\">\n<h2>Mentions l\u00e9gales<\/h2>\n<p>Conform\u00e9ment aux dispositions de la loi n\u00b0 2004-575 du 21 juin 2004 pour la confiance en l'\u00e9conomie num\u00e9rique, il est pr\u00e9cis\u00e9 aux utilisateurs du site Victoria Sylvester l'identit\u00e9 des diff\u00e9rents intervenants dans le cadre de sa r\u00e9alisation et de son suivi.<br \/><br \/><\/p>\n<p><strong>Edition du site<\/strong><\/p>\n<p>Le pr\u00e9sent site, accessible \u00e0 l\u2019URL https:\/\/victoria-sylvester.com (le \u00ab Site \u00bb), est \u00e9dit\u00e9 par :<\/p>\n<p>VS IMAGE CONSULTING , soci\u00e9t\u00e9 au capital de 1000 euros, inscrite au R.C.S. de MARSEILLE sous le num\u00e9ro Marseille B 913 979 274, dont le si\u00e8ge social est situ\u00e9 au 2 RUE GOURJON 13002 MARSEILLE, repr\u00e9sent\u00e9(e) par Victoria Sylvester d\u00fbment habilit\u00e9(e)<\/p>\n<p>Le num\u00e9ro individuel TVA de l\u2019\u00e9diteur est : FR34913979274.<br \/><br \/><\/p>\n<p><strong>H\u00e9bergement<\/strong><\/p>\n<p>Le Site est h\u00e9berg\u00e9 par la soci\u00e9t\u00e9 Hostinger International LTD, situ\u00e9 , (contact t\u00e9l\u00e9phonique ou email : https:\/\/www.hostinger.fr\/contact).<br \/><br \/><\/p>\n<p><strong>Directeur de publication<\/strong><\/p>\n<p>Le Directeur de la publication du Site est Victoria Sylvester .<br \/><br \/><\/p>\n<p><strong>Nous contacter<\/strong><\/p>\n<p>Par t\u00e9l\u00e9phone : +33658522943<br \/>Par email : contact@victoria-sylvester.com<br \/>Par courrier : 2 RUE GOURJON 13002 MARSEILLE<br \/><br \/><\/p>\n<p><strong>Donn\u00e9es personnelles<\/strong><\/p>\n<p>Le traitement de vos donn\u00e9es \u00e0 caract\u00e8re personnel est r\u00e9gi par notre Charte du respect de la vie priv\u00e9e, disponible depuis la section \"Charte de Protection des Donn\u00e9es Personnelles\", conform\u00e9ment au R\u00e8glement G\u00e9n\u00e9ral sur la Protection des Donn\u00e9es 2016\/679 du 27 avril 2016 (\u00abRGPD\u00bb).<\/p>\n<\/div><\/div>\n<\/section><section class=\"bde-section-3-111 bde-section\">\n  \n\t\n\n\n\n<div class=\"section-container\"><div class=\"bde-rich-text-3-112 bde-rich-text breakdance-rich-text-styles\">\n<h2>Politique de confidentialit\u00e9 et cookies<\/h2>\n<p>Derni\u00e8re mise \u00e0 jour : 20\/09\/24<\/p>\n<p><br \/><strong>1. Donn\u00e9es collect\u00e9es<\/strong><\/p>\n<p>Nous collectons uniquement les donn\u00e9es n\u00e9cessaires pour le bon fonctionnement de ce site et pour r\u00e9pondre \u00e0 vos demandes via les formulaires de contact.<br \/><br \/><\/p>\n<p><strong>2. Utilisation des donn\u00e9es<\/strong><\/p>\n<p>Les donn\u00e9es sont utilis\u00e9es pour :<\/p>\n<ul>\n<li>R\u00e9pondre \u00e0 vos demandes via les formulaires.<\/li>\n<li>Am\u00e9liorer la navigation et les performances du site gr\u00e2ce \u00e0 des outils de suivi anonymes.<\/li>\n<\/ul>\n<p>\u00a0<\/p>\n<p><strong>3. Partage des donn\u00e9es<\/strong><\/p>\n<p>Vos donn\u00e9es ne sont jamais partag\u00e9es avec des tiers, sauf pour assurer les services techniques (h\u00e9bergement, maintenance) ou en cas de demande l\u00e9gale.<\/p>\n<p>\u00a0<\/p>\n<p><strong>4. Cookies<\/strong><\/p>\n<p>Nous utilisons des cookies pour :<\/p>\n<ul>\n<li>Garantir le bon fonctionnement du site.<\/li>\n<li>Analyser les performances de mani\u00e8re anonyme (via des outils comme Google Analytics).<\/li>\n<\/ul>\n<p>Vous pouvez g\u00e9rer ou d\u00e9sactiver les cookies dans les param\u00e8tres de votre navigateur.<\/p>\n<p>\u00a0<\/p>\n<p><strong>5. Vos droits<\/strong><\/p>\n<p>Vous pouvez demander l'acc\u00e8s, la modification ou la suppression de vos donn\u00e9es en nous contactant \u00e0 [adresse e-mail g\u00e9n\u00e9rique].<\/p>\n<p>\u00a0<\/p>\n<p><strong>6. S\u00e9curit\u00e9<\/strong><\/p>\n<p>Nous mettons en \u0153uvre des mesures pour prot\u00e9ger vos donn\u00e9es contre tout acc\u00e8s non autoris\u00e9.<\/p>\n<\/div><\/div>\n<\/section>","protected":false},"excerpt":{"rendered":"<p>Infos l\u00e9gales Mentions l\u00e9gales Conform\u00e9ment aux dispositions de la loi n\u00b0 2004-575 du 21 juin 2004 pour la confiance en l&rsquo;\u00e9conomie num\u00e9rique, il est pr\u00e9cis\u00e9 aux utilisateurs du site Victoria Sylvester l&rsquo;identit\u00e9 des diff\u00e9rents intervenants dans le cadre de sa r\u00e9alisation et de son suivi. Edition du site Le pr\u00e9sent site, accessible \u00e0 l\u2019URL https:\/\/victoria-sylvester.com [&hellip;]<\/p>\n","protected":false},"author":1,"featured_media":0,"parent":0,"menu_order":0,"comment_status":"closed","ping_status":"closed","template":"","meta":{"footnotes":"","_breakdance_hide_in_design_set":false,"_breakdance_tags":""},"yoast_head":"<!-- This site is optimized with the Yoast SEO plugin v23.5 - https:\/\/yoast.com\/wordpress\/plugins\/seo\/ -->\n<title>Mentions l\u00e9gales - VS IMAGE CONSULTING<\/title>\n<meta name=\"robots\" content=\"index, follow, max-snippet:-1, max-image-preview:large, max-video-preview:-1\" \/>\n<link rel=\"canonical\" href=\"https:\/\/victoria-sylvester.com\/index.php\/mentions-legales\/\" \/>\n<meta property=\"og:locale\" content=\"fr_FR\" \/>\n<meta property=\"og:type\" content=\"article\" \/>\n<meta property=\"og:title\" content=\"Mentions l\u00e9gales - VS IMAGE CONSULTING\" \/>\n<meta property=\"og:description\" content=\"Infos l\u00e9gales Mentions l\u00e9gales Conform\u00e9ment aux dispositions de la loi n\u00b0 2004-575 du 21 juin 2004 pour la confiance en l&#039;\u00e9conomie num\u00e9rique, il est pr\u00e9cis\u00e9 aux utilisateurs du site Victoria Sylvester l&#039;identit\u00e9 des diff\u00e9rents intervenants dans le cadre de sa r\u00e9alisation et de son suivi. Edition du site Le pr\u00e9sent site, accessible \u00e0 l\u2019URL https:\/\/victoria-sylvester.com [&hellip;]\" \/>\n<meta property=\"og:url\" content=\"https:\/\/victoria-sylvester.com\/index.php\/mentions-legales\/\" \/>\n<meta property=\"og:site_name\" content=\"VS IMAGE CONSULTING\" \/>\n<meta property=\"article:modified_time\" content=\"2024-09-20T10:55:24+00:00\" \/>\n<meta name=\"twitter:card\" content=\"summary_large_image\" \/>\n<meta name=\"twitter:label1\" content=\"Dur\u00e9e de lecture estim\u00e9e\" \/>\n\t<meta name=\"twitter:data1\" content=\"4 minutes\" \/>\n<script type=\"application\/ld+json\" class=\"yoast-schema-graph\">{\"@context\":\"https:\/\/schema.org\",\"@graph\":[{\"@type\":\"WebPage\",\"@id\":\"https:\/\/victoria-sylvester.com\/index.php\/mentions-legales\/\",\"url\":\"https:\/\/victoria-sylvester.com\/index.php\/mentions-legales\/\",\"name\":\"Mentions l\u00e9gales - VS IMAGE CONSULTING\",\"isPartOf\":{\"@id\":\"https:\/\/victoria-sylvester.com\/#website\"},\"datePublished\":\"2023-10-02T11:01:40+00:00\",\"dateModified\":\"2024-09-20T10:55:24+00:00\",\"breadcrumb\":{\"@id\":\"https:\/\/victoria-sylvester.com\/index.php\/mentions-legales\/#breadcrumb\"},\"inLanguage\":\"fr-FR\",\"potentialAction\":[{\"@type\":\"ReadAction\",\"target\":[\"https:\/\/victoria-sylvester.com\/index.php\/mentions-legales\/\"]}]},{\"@type\":\"BreadcrumbList\",\"@id\":\"https:\/\/victoria-sylvester.com\/index.php\/mentions-legales\/#breadcrumb\",\"itemListElement\":[{\"@type\":\"ListItem\",\"position\":1,\"name\":\"Accueil\",\"item\":\"https:\/\/victoria-sylvester.com\/\"},{\"@type\":\"ListItem\",\"position\":2,\"name\":\"Mentions l\u00e9gales\"}]},{\"@type\":\"WebSite\",\"@id\":\"https:\/\/victoria-sylvester.com\/#website\",\"url\":\"https:\/\/victoria-sylvester.com\/\",\"name\":\"VS IMAGE CONSULTING\",\"description\":\"\",\"potentialAction\":[{\"@type\":\"SearchAction\",\"target\":{\"@type\":\"EntryPoint\",\"urlTemplate\":\"https:\/\/victoria-sylvester.com\/?s={search_term_string}\"},\"query-input\":{\"@type\":\"PropertyValueSpecification\",\"valueRequired\":true,\"valueName\":\"search_term_string\"}}],\"inLanguage\":\"fr-FR\"}]}<\/script>\n<!-- \/ Yoast SEO plugin. -->","yoast_head_json":{"title":"Mentions l\u00e9gales - VS IMAGE CONSULTING","robots":{"index":"index","follow":"follow","max-snippet":"max-snippet:-1","max-image-preview":"max-image-preview:large","max-video-preview":"max-video-preview:-1"},"canonical":"https:\/\/victoria-sylvester.com\/index.php\/mentions-legales\/","og_locale":"fr_FR","og_type":"article","og_title":"Mentions l\u00e9gales - VS IMAGE CONSULTING","og_description":"Infos l\u00e9gales Mentions l\u00e9gales Conform\u00e9ment aux dispositions de la loi n\u00b0 2004-575 du 21 juin 2004 pour la confiance en l'\u00e9conomie num\u00e9rique, il est pr\u00e9cis\u00e9 aux utilisateurs du site Victoria Sylvester l'identit\u00e9 des diff\u00e9rents intervenants dans le cadre de sa r\u00e9alisation et de son suivi. Edition du site Le pr\u00e9sent site, accessible \u00e0 l\u2019URL https:\/\/victoria-sylvester.com [&hellip;]","og_url":"https:\/\/victoria-sylvester.com\/index.php\/mentions-legales\/","og_site_name":"VS IMAGE CONSULTING","article_modified_time":"2024-09-20T10:55:24+00:00","twitter_card":"summary_large_image","twitter_misc":{"Dur\u00e9e de lecture estim\u00e9e":"4 minutes"},"schema":{"@context":"https:\/\/schema.org","@graph":[{"@type":"WebPage","@id":"https:\/\/victoria-sylvester.com\/index.php\/mentions-legales\/","url":"https:\/\/victoria-sylvester.com\/index.php\/mentions-legales\/","name":"Mentions l\u00e9gales - VS IMAGE CONSULTING","isPartOf":{"@id":"https:\/\/victoria-sylvester.com\/#website"},"datePublished":"2023-10-02T11:01:40+00:00","dateModified":"2024-09-20T10:55:24+00:00","breadcrumb":{"@id":"https:\/\/victoria-sylvester.com\/index.php\/mentions-legales\/#breadcrumb"},"inLanguage":"fr-FR","potentialAction":[{"@type":"ReadAction","target":["https:\/\/victoria-sylvester.com\/index.php\/mentions-legales\/"]}]},{"@type":"BreadcrumbList","@id":"https:\/\/victoria-sylvester.com\/index.php\/mentions-legales\/#breadcrumb","itemListElement":[{"@type":"ListItem","position":1,"name":"Accueil","item":"https:\/\/victoria-sylvester.com\/"},{"@type":"ListItem","position":2,"name":"Mentions l\u00e9gales"}]},{"@type":"WebSite","@id":"https:\/\/victoria-sylvester.com\/#website","url":"https:\/\/victoria-sylvester.com\/","name":"VS IMAGE CONSULTING","description":"","potentialAction":[{"@type":"SearchAction","target":{"@type":"EntryPoint","urlTemplate":"https:\/\/victoria-sylvester.com\/?s={search_term_string}"},"query-input":{"@type":"PropertyValueSpecification","valueRequired":true,"valueName":"search_term_string"}}],"inLanguage":"fr-FR"}]}},"_links":{"self":[{"href":"https:\/\/victoria-sylvester.com\/index.php\/wp-json\/wp\/v2\/pages\/3"}],"collection":[{"href":"https:\/\/victoria-sylvester.com\/index.php\/wp-json\/wp\/v2\/pages"}],"about":[{"href":"https:\/\/victoria-sylvester.com\/index.php\/wp-json\/wp\/v2\/types\/page"}],"author":[{"embeddable":true,"href":"https:\/\/victoria-sylvester.com\/index.php\/wp-json\/wp\/v2\/users\/1"}],"replies":[{"embeddable":true,"href":"https:\/\/victoria-sylvester.com\/index.php\/wp-json\/wp\/v2\/comments?post=3"}],"version-history":[{"count":9,"href":"https:\/\/victoria-sylvester.com\/index.php\/wp-json\/wp\/v2\/pages\/3\/revisions"}],"predecessor-version":[{"id":546,"href":"https:\/\/victoria-sylvester.com\/index.php\/wp-json\/wp\/v2\/pages\/3\/revisions\/546"}],"wp:attachment":[{"href":"https:\/\/victoria-sylvester.com\/index.php\/wp-json\/wp\/v2\/media?parent=3"}],"curies":[{"name":"wp","href":"https:\/\/api.w.org\/{rel}","templated":true}]}}