{"id":70,"date":"2023-10-02T22:05:29","date_gmt":"2023-10-02T20:05:29","guid":{"rendered":"https:\/\/victoria-sylvester.com\/?page_id=70"},"modified":"2024-12-10T16:20:10","modified_gmt":"2024-12-10T15:20:10","slug":"about","status":"publish","type":"page","link":"https:\/\/victoria-sylvester.com\/index.php\/about\/","title":{"rendered":"About"},"content":{"rendered":"<section class=\"bde-section-70-289 bde-section\">\n  \n\t\n\n\n\n<div class=\"section-container\"><h1 class=\"bde-heading-70-341 bde-heading\">\n\"HI ! I\u2019M VICTORIA FRENCH STYLIST, AVAILABLE WORLDWIDE\"\n<\/h1><div class=\"bde-columns-70-310 bde-columns\"><div class=\"bde-column-70-311 bde-column\">\n  \n\t\n\n\n\n<div class=\"bde-text-70-287 bde-text\">\nOriginally from the South of France, Victoria Sylvester is a Paris-based stylist and image consultant.<br><br>With a master's in Fashion Marketing and Digital Communication, her career began with features in Vogue Italy and ELLE Ivory Coast.<br><br>Known for her creativity and bold texture combinations, she has become a key figure in the industry, working on music videos, commercials, and editorials.<br><br>Today, she shapes the visual identity of top French artists like Zola, MC Solaar, and Kalash, redefining fashion codes with her unique vision and strategic insight.\n<\/div>\n<\/div><div class=\"bde-column-70-312 bde-column\">\n  \n\t\n\n\n\n<div class=\"bde-image-70-313 bde-image\">\n<figure class=\"breakdance-image breakdance-image--148\">\n\t<div class=\"breakdance-image-container\">\n\t\t<div class=\"breakdance-image-clip\"><img loading=\"lazy\" decoding=\"async\" class=\"breakdance-image-object\" src=\"http:\/\/victoria-sylvester.com\/wp-content\/uploads\/2024\/09\/Photo-victoria.jpg\" width=\"600\" height=\"800\" srcset=\"https:\/\/victoria-sylvester.com\/wp-content\/uploads\/2024\/09\/Photo-victoria.jpg 600w, https:\/\/victoria-sylvester.com\/wp-content\/uploads\/2024\/09\/Photo-victoria-225x300.jpg 225w\" sizes=\"(max-width: 600px) 100vw, 600px\"><\/div>\n\t<\/div><\/figure>\n\n<\/div>\n<\/div><\/div><\/div>\n<\/section><section class=\"bde-section-70-298 bde-section\">\n  \n\t\n\n\n\n<div class=\"section-container\"><h3 class=\"bde-heading-70-302 bde-heading\">\nview on\n<\/h3><div class=\"bde-logo-list-70-299 bde-logo-list gradient-overlay__both un-static-image-grid\" data-entrance=\"fade\">\n\n                    <div class=\"un-logo-bar__logo-wrapper\">\n          <img loading=\"lazy\" decoding=\"async\" class=\"breakdance-image-object\" src=\"http:\/\/victoria-sylvester.com\/wp-content\/uploads\/2024\/09\/Fichier-3.png\" width=\"2644\" height=\"299\" srcset=\"https:\/\/victoria-sylvester.com\/wp-content\/uploads\/2024\/09\/Fichier-3.png 2644w, https:\/\/victoria-sylvester.com\/wp-content\/uploads\/2024\/09\/Fichier-3-300x34.png 300w, https:\/\/victoria-sylvester.com\/wp-content\/uploads\/2024\/09\/Fichier-3-1024x116.png 1024w, https:\/\/victoria-sylvester.com\/wp-content\/uploads\/2024\/09\/Fichier-3-768x87.png 768w, https:\/\/victoria-sylvester.com\/wp-content\/uploads\/2024\/09\/Fichier-3-1536x174.png 1536w, https:\/\/victoria-sylvester.com\/wp-content\/uploads\/2024\/09\/Fichier-3-2048x232.png 2048w\" sizes=\"(max-width: 2644px) 100vw, 2644px\">\n        <\/div>\n                          <div class=\"un-logo-bar__logo-wrapper\">\n          <img loading=\"lazy\" decoding=\"async\" class=\"breakdance-image-object\" src=\"http:\/\/victoria-sylvester.com\/wp-content\/uploads\/2024\/09\/Westfield.png\" width=\"2414\" height=\"1190\" srcset=\"https:\/\/victoria-sylvester.com\/wp-content\/uploads\/2024\/09\/Westfield.png 2414w, https:\/\/victoria-sylvester.com\/wp-content\/uploads\/2024\/09\/Westfield-300x148.png 300w, https:\/\/victoria-sylvester.com\/wp-content\/uploads\/2024\/09\/Westfield-1024x505.png 1024w, https:\/\/victoria-sylvester.com\/wp-content\/uploads\/2024\/09\/Westfield-768x379.png 768w, https:\/\/victoria-sylvester.com\/wp-content\/uploads\/2024\/09\/Westfield-1536x757.png 1536w, https:\/\/victoria-sylvester.com\/wp-content\/uploads\/2024\/09\/Westfield-2048x1010.png 2048w\" sizes=\"(max-width: 2414px) 100vw, 2414px\">\n        <\/div>\n                          <div class=\"un-logo-bar__logo-wrapper\">\n          <img loading=\"lazy\" decoding=\"async\" class=\"breakdance-image-object\" src=\"http:\/\/victoria-sylvester.com\/wp-content\/uploads\/2024\/09\/Fichier-2.png\" width=\"1279\" height=\"279\" srcset=\"https:\/\/victoria-sylvester.com\/wp-content\/uploads\/2024\/09\/Fichier-2.png 1279w, https:\/\/victoria-sylvester.com\/wp-content\/uploads\/2024\/09\/Fichier-2-300x65.png 300w, https:\/\/victoria-sylvester.com\/wp-content\/uploads\/2024\/09\/Fichier-2-1024x223.png 1024w, https:\/\/victoria-sylvester.com\/wp-content\/uploads\/2024\/09\/Fichier-2-768x168.png 768w\" sizes=\"(max-width: 1279px) 100vw, 1279px\">\n        <\/div>\n                          <div class=\"un-logo-bar__logo-wrapper\">\n          <img loading=\"lazy\" decoding=\"async\" class=\"breakdance-image-object\" src=\"http:\/\/victoria-sylvester.com\/wp-content\/uploads\/2024\/09\/logo_k_monochrome_nidyhh.png\" width=\"914\" height=\"231\" srcset=\"https:\/\/victoria-sylvester.com\/wp-content\/uploads\/2024\/09\/logo_k_monochrome_nidyhh.png 914w, https:\/\/victoria-sylvester.com\/wp-content\/uploads\/2024\/09\/logo_k_monochrome_nidyhh-300x76.png 300w, https:\/\/victoria-sylvester.com\/wp-content\/uploads\/2024\/09\/logo_k_monochrome_nidyhh-768x194.png 768w\" sizes=\"(max-width: 914px) 100vw, 914px\">\n        <\/div>\n                          <div class=\"un-logo-bar__logo-wrapper\">\n          <img loading=\"lazy\" decoding=\"async\" class=\"breakdance-image-object\" src=\"http:\/\/victoria-sylvester.com\/wp-content\/uploads\/2024\/09\/Marie-Claire-logo-blanc-e1725275676822.png\" width=\"769\" height=\"133\" srcset=\"https:\/\/victoria-sylvester.com\/wp-content\/uploads\/2024\/09\/Marie-Claire-logo-blanc-e1725275676822.png 769w, https:\/\/victoria-sylvester.com\/wp-content\/uploads\/2024\/09\/Marie-Claire-logo-blanc-e1725275676822-300x52.png 300w\" sizes=\"(max-width: 769px) 100vw, 769px\">\n        <\/div>\n                <\/div><\/div>\n<\/section><section class=\"bde-section-70-103 bde-section\">\n  \n\t\n\n\n\n<div class=\"section-container\"><div class=\"bde-fancy-divider-70-279 bde-fancy-divider\">\n\n\n<div class=\"bde-fancy-divider__wrapper\">\n  <div class=\"bde-fancy-divider__separator   \">\n  \t  <\/div>\n<\/div>\n\n<\/div><div class=\"bde-columns-70-104 bde-columns\"><div class=\"bde-column-70-106 bde-column\">\n  \n\t\n\n\n\n<h3 class=\"bde-heading-70-184 bde-heading\">\nTalents\n<\/h3>\n<\/div><div class=\"bde-column-70-153 bde-column\" data-entrance=\"fade\">\n  \n\t\n\n\n\n<a class=\"bde-container-link-70-164 bde-container-link breakdance-link\" href=\"https:\/\/www.instagram.com\/binkszola\/?hl=fr\" target=\"_blank\" data-type=\"url\">\n  \n\t\n\n\n\n<h2 class=\"bde-heading-70-154 bde-heading\">\nZola\n<\/h2>\n\n<\/a><h2 class=\"bde-heading-70-189 bde-heading\">\n-\n<\/h2><a class=\"bde-container-link-70-165 bde-container-link breakdance-link\" href=\"https:\/\/www.instagram.com\/kalash972\/?hl=fr\" target=\"_blank\" data-type=\"url\">\n  \n\t\n\n\n\n<h2 class=\"bde-heading-70-166 bde-heading\">\nKalash\n<\/h2>\n\n<\/a><h2 class=\"bde-heading-70-190 bde-heading\">\n-\n<\/h2><a class=\"bde-container-link-70-167 bde-container-link breakdance-link\" href=\"https:\/\/www.instagram.com\/mcsolaaroff\/?hl=fr\" target=\"_blank\" data-type=\"url\">\n  \n\t\n\n\n\n<h2 class=\"bde-heading-70-168 bde-heading\">\nMc solaar\n<\/h2>\n\n<\/a><h2 class=\"bde-heading-70-191 bde-heading\">\n-\n<\/h2><a class=\"bde-container-link-70-177 bde-container-link breakdance-link\" href=\"https:\/\/www.instagram.com\/cayleecowan\/\" target=\"_blank\" data-type=\"url\">\n  \n\t\n\n\n\n<h2 class=\"bde-heading-70-178 bde-heading\">\nCaylee Wowan\n<\/h2>\n\n<\/a><h2 class=\"bde-heading-70-192 bde-heading\">\n-\n<\/h2><a class=\"bde-container-link-70-175 bde-container-link breakdance-link\" href=\"https:\/\/www.instagram.com\/green.tana\/\" target=\"_blank\" data-type=\"url\">\n  \n\t\n\n\n\n<h2 class=\"bde-heading-70-176 bde-heading\">\nGreen Montana\n<\/h2>\n\n<\/a><h2 class=\"bde-heading-70-193 bde-heading\">\n-\n<\/h2><a class=\"bde-container-link-70-171 bde-container-link breakdance-link\" href=\"https:\/\/www.instagram.com\/badgalbambyyy\/\" target=\"_blank\" data-type=\"url\">\n  \n\t\n\n\n\n<h2 class=\"bde-heading-70-172 bde-heading\">\nBamby\n<\/h2>\n\n<\/a><h2 class=\"bde-heading-70-194 bde-heading\">\n-\n<\/h2><a class=\"bde-container-link-70-185 bde-container-link breakdance-link\" href=\"https:\/\/www.instagram.com\/iam_evaqueen\/?hl=fr\" target=\"_blank\" data-type=\"url\">\n  \n\t\n\n\n\n<h2 class=\"bde-heading-70-186 bde-heading\">\nEva Queen\n<\/h2>\n\n<\/a><h2 class=\"bde-heading-70-195 bde-heading\">\n-\n<\/h2><a class=\"bde-container-link-70-187 bde-container-link breakdance-link\" href=\"https:\/\/www.instagram.com\/hiroofficiel\/\" target=\"_blank\" data-type=\"url\">\n  \n\t\n\n\n\n<h2 class=\"bde-heading-70-188 bde-heading\">\nHiro\n<\/h2>\n\n<\/a><h2 class=\"bde-heading-70-196 bde-heading\">\n-\n<\/h2><a class=\"bde-container-link-70-197 bde-container-link breakdance-link\" href=\"https:\/\/www.instagram.com\/omah_lay\/\" target=\"_blank\" data-type=\"url\">\n  \n\t\n\n\n\n<h2 class=\"bde-heading-70-198 bde-heading\">\nOmah lay\n<\/h2>\n\n<\/a><h2 class=\"bde-heading-70-201 bde-heading\">\n-\n<\/h2><a class=\"bde-container-link-70-199 bde-container-link breakdance-link\" href=\"https:\/\/www.instagram.com\/manonbresch\/?hl=fr\" target=\"_blank\" data-type=\"url\">\n  \n\t\n\n\n\n<h2 class=\"bde-heading-70-200 bde-heading\">\nManon Bresh\n<\/h2>\n\n<\/a>\n<\/div><\/div><div class=\"bde-fancy-divider-70-335 bde-fancy-divider\">\n\n\n<div class=\"bde-fancy-divider__wrapper\">\n  <div class=\"bde-fancy-divider__separator   \">\n  \t  <\/div>\n<\/div>\n\n<\/div><div class=\"bde-columns-70-243 bde-columns\"><div class=\"bde-column-70-244 bde-column\">\n  \n\t\n\n\n\n<h3 class=\"bde-heading-70-245 bde-heading\">\nBrands\n<\/h3>\n<\/div><div class=\"bde-column-70-246 bde-column\" data-entrance=\"fade\">\n  \n\t\n\n\n\n<a class=\"bde-container-link-70-247 bde-container-link breakdance-link\" href=\"https:\/\/eu.puma.com\/fr\/fr\/home?srsltid=AfmBOoouMVMIEeU5gV0f6Tb_Dpl9uFF_RG-cWAK0CwoK9OYyS10nCdsc\" target=\"_blank\" data-type=\"url\">\n  \n\t\n\n\n\n<h2 class=\"bde-heading-70-248 bde-heading\">\nPuma\n<\/h2>\n\n<\/a><h2 class=\"bde-heading-70-249 bde-heading\">\n-\n<\/h2><a class=\"bde-container-link-70-250 bde-container-link breakdance-link\" href=\"https:\/\/havana-club.com\/fr-fr\/\" target=\"_blank\" data-type=\"url\">\n  \n\t\n\n\n\n<h2 class=\"bde-heading-70-251 bde-heading\">\nHavana club\n<\/h2>\n\n<\/a><h2 class=\"bde-heading-70-252 bde-heading\">\n-\n<\/h2><a class=\"bde-container-link-70-253 bde-container-link breakdance-link\" href=\"https:\/\/www.keds.com\" target=\"_blank\" data-type=\"url\">\n  \n\t\n\n\n\n<h2 class=\"bde-heading-70-254 bde-heading\">\nKeds\n<\/h2>\n\n<\/a><h2 class=\"bde-heading-70-255 bde-heading\">\n-\n<\/h2><a class=\"bde-container-link-70-256 bde-container-link breakdance-link\" href=\"https:\/\/flyingsolo.nyc\" target=\"_blank\" data-type=\"url\">\n  \n\t\n\n\n\n<h2 class=\"bde-heading-70-257 bde-heading\">\nFlying solo\n<\/h2>\n\n<\/a><h2 class=\"bde-heading-70-258 bde-heading\">\n-\n<\/h2><a class=\"bde-container-link-70-259 bde-container-link breakdance-link\" href=\"https:\/\/www.netflix.com\/browse\" target=\"_blank\" data-type=\"url\">\n  \n\t\n\n\n\n<h2 class=\"bde-heading-70-260 bde-heading\">\nNetflix\n<\/h2>\n\n<\/a><h2 class=\"bde-heading-70-261 bde-heading\">\n-\n<\/h2><a class=\"bde-container-link-70-262 bde-container-link breakdance-link\" href=\"https:\/\/www.mgmotor.fr\/model\/mg3\" target=\"_blank\" data-type=\"url\">\n  \n\t\n\n\n\n<h2 class=\"bde-heading-70-263 bde-heading\">\nMG\n<\/h2>\n\n<\/a>\n<\/div><\/div><div class=\"bde-fancy-divider-70-301 bde-fancy-divider\">\n\n\n<div class=\"bde-fancy-divider__wrapper\">\n  <div class=\"bde-fancy-divider__separator   \">\n  \t  <\/div>\n<\/div>\n\n<\/div><div class=\"bde-columns-70-314 bde-columns\"><div class=\"bde-column-70-315 bde-column\">\n  \n\t\n\n\n\n<h3 class=\"bde-heading-70-316 bde-heading\">\nEditorials\n<\/h3>\n<\/div><div class=\"bde-column-70-317 bde-column\" data-entrance=\"fade\">\n  \n\t\n\n\n\n<a class=\"bde-container-link-70-318 bde-container-link breakdance-link\" href=\"https:\/\/www.vogue.it\" target=\"_blank\" data-type=\"url\">\n  \n\t\n\n\n\n<h2 class=\"bde-heading-70-319 bde-heading\">\nVogue Italia\n<\/h2>\n\n<\/a><h2 class=\"bde-heading-70-320 bde-heading\">\n-\n<\/h2><a class=\"bde-container-link-70-321 bde-container-link breakdance-link\" href=\"https:\/\/www.ellecotedivoire.com\" target=\"_blank\" data-type=\"url\">\n  \n\t\n\n\n\n<h2 class=\"bde-heading-70-322 bde-heading\">\nELLE C\u00f4te d'Ivoire\n<\/h2>\n\n<\/a><h2 class=\"bde-heading-70-323 bde-heading\">\n-\n<\/h2><a class=\"bde-container-link-70-324 bde-container-link breakdance-link\" href=\"https:\/\/vulkanmagazine.com\" target=\"_blank\" data-type=\"url\">\n  \n\t\n\n\n\n<h2 class=\"bde-heading-70-325 bde-heading\">\nVulkan Magazine\n<\/h2>\n\n<\/a><h2 class=\"bde-heading-70-326 bde-heading\">\n-\n<\/h2><a class=\"bde-container-link-70-327 bde-container-link breakdance-link\" href=\"https:\/\/www.instagram.com\/pictonmag\/\" target=\"_blank\" data-type=\"url\">\n  \n\t\n\n\n\n<h2 class=\"bde-heading-70-328 bde-heading\">\nPicton Magazine\n<\/h2>\n\n<\/a><h2 class=\"bde-heading-70-329 bde-heading\">\n-\n<\/h2><a class=\"bde-container-link-70-330 bde-container-link breakdance-link\" href=\"https:\/\/flanellemag.com\" target=\"_blank\" data-type=\"url\">\n  \n\t\n\n\n\n<h2 class=\"bde-heading-70-331 bde-heading\">\nFlanelle Magazine\n<\/h2>\n\n<\/a><h2 class=\"bde-heading-70-332 bde-heading\">\n-\n<\/h2><a class=\"bde-container-link-70-333 bde-container-link breakdance-link\" href=\"https:\/\/www.instagram.com\/thevenommagazine\/\" target=\"_blank\" data-type=\"url\">\n  \n\t\n\n\n\n<h2 class=\"bde-heading-70-334 bde-heading\">\nVENOM Magazine\n<\/h2>\n\n<\/a><h2 class=\"bde-heading-70-336 bde-heading\">\n-\n<\/h2><a class=\"bde-container-link-70-338 bde-container-link breakdance-link\" href=\"https:\/\/kodd-magazine.com\" target=\"_blank\" data-type=\"url\">\n  \n\t\n\n\n\n<h2 class=\"bde-heading-70-339 bde-heading\">\nKODD Magazine\n<\/h2>\n\n<\/a>\n<\/div><\/div><\/div>\n<\/section>","protected":false},"excerpt":{"rendered":"<p>\u00ab\u00a0HI ! I\u2019M VICTORIA FRENCH STYLIST, AVAILABLE WORLDWIDE\u00a0\u00bb Originally from the South of France, Victoria Sylvester is a Paris-based stylist and image consultant.With a master&rsquo;s in Fashion Marketing and Digital Communication, her career began with features in Vogue Italy and ELLE Ivory Coast.Known for her creativity and bold texture combinations, she has become a key [&hellip;]<\/p>\n","protected":false},"author":1,"featured_media":0,"parent":0,"menu_order":0,"comment_status":"closed","ping_status":"closed","template":"","meta":{"footnotes":"","_breakdance_hide_in_design_set":false,"_breakdance_tags":""},"yoast_head":"<!-- This site is optimized with the Yoast SEO plugin v23.5 - https:\/\/yoast.com\/wordpress\/plugins\/seo\/ -->\n<title>Stylist - VS IMAGE CONSULTING<\/title>\n<meta name=\"description\" content=\"D\u00e9couvrez Victoria Sylvester, stylist \u00e0 Paris, sp\u00e9cialis\u00e9e dans la mode pour artistes et c\u00e9l\u00e9brit\u00e9s. Meilleure styliste \u00e0 Paris pour stars.\" \/>\n<meta name=\"robots\" content=\"index, follow, max-snippet:-1, max-image-preview:large, max-video-preview:-1\" \/>\n<link rel=\"canonical\" href=\"https:\/\/victoria-sylvester.com\/index.php\/about\/\" \/>\n<meta property=\"og:locale\" content=\"fr_FR\" \/>\n<meta property=\"og:type\" content=\"article\" \/>\n<meta property=\"og:title\" content=\"Stylist - VS IMAGE CONSULTING\" \/>\n<meta property=\"og:description\" content=\"D\u00e9couvrez Victoria Sylvester, stylist \u00e0 Paris, sp\u00e9cialis\u00e9e dans la mode pour artistes et c\u00e9l\u00e9brit\u00e9s. Meilleure styliste \u00e0 Paris pour stars.\" \/>\n<meta property=\"og:url\" content=\"https:\/\/victoria-sylvester.com\/index.php\/about\/\" \/>\n<meta property=\"og:site_name\" content=\"VS IMAGE CONSULTING\" \/>\n<meta property=\"article:modified_time\" content=\"2024-12-10T15:20:10+00:00\" \/>\n<meta name=\"twitter:card\" content=\"summary_large_image\" \/>\n<meta name=\"twitter:label1\" content=\"Dur\u00e9e de lecture estim\u00e9e\" \/>\n\t<meta name=\"twitter:data1\" content=\"2 minutes\" \/>\n<script type=\"application\/ld+json\" class=\"yoast-schema-graph\">{\"@context\":\"https:\/\/schema.org\",\"@graph\":[{\"@type\":\"WebPage\",\"@id\":\"https:\/\/victoria-sylvester.com\/index.php\/about\/\",\"url\":\"https:\/\/victoria-sylvester.com\/index.php\/about\/\",\"name\":\"Stylist - VS IMAGE CONSULTING\",\"isPartOf\":{\"@id\":\"https:\/\/victoria-sylvester.com\/#website\"},\"datePublished\":\"2023-10-02T20:05:29+00:00\",\"dateModified\":\"2024-12-10T15:20:10+00:00\",\"description\":\"D\u00e9couvrez Victoria Sylvester, stylist \u00e0 Paris, sp\u00e9cialis\u00e9e dans la mode pour artistes et c\u00e9l\u00e9brit\u00e9s. Meilleure styliste \u00e0 Paris pour stars.\",\"breadcrumb\":{\"@id\":\"https:\/\/victoria-sylvester.com\/index.php\/about\/#breadcrumb\"},\"inLanguage\":\"fr-FR\",\"potentialAction\":[{\"@type\":\"ReadAction\",\"target\":[\"https:\/\/victoria-sylvester.com\/index.php\/about\/\"]}]},{\"@type\":\"BreadcrumbList\",\"@id\":\"https:\/\/victoria-sylvester.com\/index.php\/about\/#breadcrumb\",\"itemListElement\":[{\"@type\":\"ListItem\",\"position\":1,\"name\":\"Accueil\",\"item\":\"https:\/\/victoria-sylvester.com\/\"},{\"@type\":\"ListItem\",\"position\":2,\"name\":\"About\"}]},{\"@type\":\"WebSite\",\"@id\":\"https:\/\/victoria-sylvester.com\/#website\",\"url\":\"https:\/\/victoria-sylvester.com\/\",\"name\":\"VS IMAGE CONSULTING\",\"description\":\"\",\"potentialAction\":[{\"@type\":\"SearchAction\",\"target\":{\"@type\":\"EntryPoint\",\"urlTemplate\":\"https:\/\/victoria-sylvester.com\/?s={search_term_string}\"},\"query-input\":{\"@type\":\"PropertyValueSpecification\",\"valueRequired\":true,\"valueName\":\"search_term_string\"}}],\"inLanguage\":\"fr-FR\"}]}<\/script>\n<!-- \/ Yoast SEO plugin. -->","yoast_head_json":{"title":"Stylist - VS IMAGE CONSULTING","description":"D\u00e9couvrez Victoria Sylvester, stylist \u00e0 Paris, sp\u00e9cialis\u00e9e dans la mode pour artistes et c\u00e9l\u00e9brit\u00e9s. Meilleure styliste \u00e0 Paris pour stars.","robots":{"index":"index","follow":"follow","max-snippet":"max-snippet:-1","max-image-preview":"max-image-preview:large","max-video-preview":"max-video-preview:-1"},"canonical":"https:\/\/victoria-sylvester.com\/index.php\/about\/","og_locale":"fr_FR","og_type":"article","og_title":"Stylist - VS IMAGE CONSULTING","og_description":"D\u00e9couvrez Victoria Sylvester, stylist \u00e0 Paris, sp\u00e9cialis\u00e9e dans la mode pour artistes et c\u00e9l\u00e9brit\u00e9s. Meilleure styliste \u00e0 Paris pour stars.","og_url":"https:\/\/victoria-sylvester.com\/index.php\/about\/","og_site_name":"VS IMAGE CONSULTING","article_modified_time":"2024-12-10T15:20:10+00:00","twitter_card":"summary_large_image","twitter_misc":{"Dur\u00e9e de lecture estim\u00e9e":"2 minutes"},"schema":{"@context":"https:\/\/schema.org","@graph":[{"@type":"WebPage","@id":"https:\/\/victoria-sylvester.com\/index.php\/about\/","url":"https:\/\/victoria-sylvester.com\/index.php\/about\/","name":"Stylist - VS IMAGE CONSULTING","isPartOf":{"@id":"https:\/\/victoria-sylvester.com\/#website"},"datePublished":"2023-10-02T20:05:29+00:00","dateModified":"2024-12-10T15:20:10+00:00","description":"D\u00e9couvrez Victoria Sylvester, stylist \u00e0 Paris, sp\u00e9cialis\u00e9e dans la mode pour artistes et c\u00e9l\u00e9brit\u00e9s. Meilleure styliste \u00e0 Paris pour stars.","breadcrumb":{"@id":"https:\/\/victoria-sylvester.com\/index.php\/about\/#breadcrumb"},"inLanguage":"fr-FR","potentialAction":[{"@type":"ReadAction","target":["https:\/\/victoria-sylvester.com\/index.php\/about\/"]}]},{"@type":"BreadcrumbList","@id":"https:\/\/victoria-sylvester.com\/index.php\/about\/#breadcrumb","itemListElement":[{"@type":"ListItem","position":1,"name":"Accueil","item":"https:\/\/victoria-sylvester.com\/"},{"@type":"ListItem","position":2,"name":"About"}]},{"@type":"WebSite","@id":"https:\/\/victoria-sylvester.com\/#website","url":"https:\/\/victoria-sylvester.com\/","name":"VS IMAGE CONSULTING","description":"","potentialAction":[{"@type":"SearchAction","target":{"@type":"EntryPoint","urlTemplate":"https:\/\/victoria-sylvester.com\/?s={search_term_string}"},"query-input":{"@type":"PropertyValueSpecification","valueRequired":true,"valueName":"search_term_string"}}],"inLanguage":"fr-FR"}]}},"_links":{"self":[{"href":"https:\/\/victoria-sylvester.com\/index.php\/wp-json\/wp\/v2\/pages\/70"}],"collection":[{"href":"https:\/\/victoria-sylvester.com\/index.php\/wp-json\/wp\/v2\/pages"}],"about":[{"href":"https:\/\/victoria-sylvester.com\/index.php\/wp-json\/wp\/v2\/types\/page"}],"author":[{"embeddable":true,"href":"https:\/\/victoria-sylvester.com\/index.php\/wp-json\/wp\/v2\/users\/1"}],"replies":[{"embeddable":true,"href":"https:\/\/victoria-sylvester.com\/index.php\/wp-json\/wp\/v2\/comments?post=70"}],"version-history":[{"count":102,"href":"https:\/\/victoria-sylvester.com\/index.php\/wp-json\/wp\/v2\/pages\/70\/revisions"}],"predecessor-version":[{"id":710,"href":"https:\/\/victoria-sylvester.com\/index.php\/wp-json\/wp\/v2\/pages\/70\/revisions\/710"}],"wp:attachment":[{"href":"https:\/\/victoria-sylvester.com\/index.php\/wp-json\/wp\/v2\/media?parent=70"}],"curies":[{"name":"wp","href":"https:\/\/api.w.org\/{rel}","templated":true}]}}